{"id":637,"date":"2018-04-19T09:19:37","date_gmt":"2018-04-19T07:19:37","guid":{"rendered":"https:\/\/www2.santamargherita.net\/sm-marble\/"},"modified":"2023-03-29T16:27:59","modified_gmt":"2023-03-29T14:27:59","slug":"sm-marble","status":"publish","type":"page","link":"https:\/\/www.santamargherita.net\/pl\/sm-marble\/","title":{"rendered":"SM Marble"},"content":{"rendered":"","protected":false},"excerpt":{"rendered":"","protected":false},"author":1,"featured_media":0,"parent":0,"menu_order":0,"comment_status":"closed","ping_status":"closed","template":"","meta":{"_acf_changed":false,"footnotes":""},"class_list":["post-637","page","type-page","status-publish","hentry"],"acf":[],"yoast_head":"<!-- This site is optimized with the Yoast SEO plugin v26.9 - https:\/\/yoast.com\/product\/yoast-seo-wordpress\/ -->\n<title>SM Marble: powierzchnie marmurowe - Santamargherita<\/title>\n<meta name=\"description\" content=\"Najcenniejszy marmurowy grys r\u00f3\u017cnych wymiar\u00f3w, o r\u00f3\u017cnej konsystencji i w r\u00f3\u017cnych kolorach po\u0142\u0105czony z najwy\u017cszej jako\u015bci \u017cywic\u0105 tworzy powierzchnie SM Marble.\" \/>\n<meta name=\"robots\" content=\"index, follow, max-snippet:-1, max-image-preview:large, max-video-preview:-1\" \/>\n<link rel=\"canonical\" href=\"https:\/\/www.santamargherita.net\/pl\/sm-marble\/\" \/>\n<meta property=\"og:locale\" content=\"pl_PL\" \/>\n<meta property=\"og:type\" content=\"article\" \/>\n<meta property=\"og:title\" content=\"SM Marble: powierzchnie marmurowe - Santamargherita\" \/>\n<meta property=\"og:description\" content=\"Najcenniejszy marmurowy grys r\u00f3\u017cnych wymiar\u00f3w, o r\u00f3\u017cnej konsystencji i w r\u00f3\u017cnych kolorach po\u0142\u0105czony z najwy\u017cszej jako\u015bci \u017cywic\u0105 tworzy powierzchnie SM Marble.\" \/>\n<meta property=\"og:url\" content=\"https:\/\/www.santamargherita.net\/pl\/sm-marble\/\" \/>\n<meta property=\"og:site_name\" content=\"Santa Margherita\" \/>\n<meta property=\"article:publisher\" content=\"https:\/\/www.facebook.com\/santamargheritasurfaces\/\" \/>\n<meta property=\"article:modified_time\" content=\"2023-03-29T14:27:59+00:00\" \/>\n<meta name=\"twitter:card\" content=\"summary_large_image\" \/>\n<script type=\"application\/ld+json\" class=\"yoast-schema-graph\">{\"@context\":\"https:\/\/schema.org\",\"@graph\":[{\"@type\":\"WebPage\",\"@id\":\"https:\/\/www.santamargherita.net\/pl\/sm-marble\/\",\"url\":\"https:\/\/www.santamargherita.net\/pl\/sm-marble\/\",\"name\":\"SM Marble: powierzchnie marmurowe - Santamargherita\",\"isPartOf\":{\"@id\":\"https:\/\/www.santamargherita.net\/pl\/#website\"},\"datePublished\":\"2018-04-19T07:19:37+00:00\",\"dateModified\":\"2023-03-29T14:27:59+00:00\",\"description\":\"Najcenniejszy marmurowy grys r\u00f3\u017cnych wymiar\u00f3w, o r\u00f3\u017cnej konsystencji i w r\u00f3\u017cnych kolorach po\u0142\u0105czony z najwy\u017cszej jako\u015bci \u017cywic\u0105 tworzy powierzchnie SM Marble.\",\"breadcrumb\":{\"@id\":\"https:\/\/www.santamargherita.net\/pl\/sm-marble\/#breadcrumb\"},\"inLanguage\":\"pl-PL\",\"potentialAction\":[{\"@type\":\"ReadAction\",\"target\":[\"https:\/\/www.santamargherita.net\/pl\/sm-marble\/\"]}]},{\"@type\":\"BreadcrumbList\",\"@id\":\"https:\/\/www.santamargherita.net\/pl\/sm-marble\/#breadcrumb\",\"itemListElement\":[{\"@type\":\"ListItem\",\"position\":1,\"name\":\"Home\",\"item\":\"https:\/\/www.santamargherita.net\/pl\/\"},{\"@type\":\"ListItem\",\"position\":2,\"name\":\"SM Marble\"}]},{\"@type\":\"WebSite\",\"@id\":\"https:\/\/www.santamargherita.net\/pl\/#website\",\"url\":\"https:\/\/www.santamargherita.net\/pl\/\",\"name\":\"Santa Margherita\",\"description\":\"The Original Italian Surface\",\"publisher\":{\"@id\":\"https:\/\/www.santamargherita.net\/pl\/#organization\"},\"potentialAction\":[{\"@type\":\"SearchAction\",\"target\":{\"@type\":\"EntryPoint\",\"urlTemplate\":\"https:\/\/www.santamargherita.net\/pl\/?s={search_term_string}\"},\"query-input\":{\"@type\":\"PropertyValueSpecification\",\"valueRequired\":true,\"valueName\":\"search_term_string\"}}],\"inLanguage\":\"pl-PL\"},{\"@type\":\"Organization\",\"@id\":\"https:\/\/www.santamargherita.net\/pl\/#organization\",\"name\":\"Santamargherita\",\"url\":\"https:\/\/www.santamargherita.net\/pl\/\",\"logo\":{\"@type\":\"ImageObject\",\"inLanguage\":\"pl-PL\",\"@id\":\"https:\/\/www.santamargherita.net\/pl\/#\/schema\/logo\/image\/\",\"url\":\"https:\/\/www.santamargherita.net\/wp-content\/uploads\/2018\/04\/logo-santa_margherita.png\",\"contentUrl\":\"https:\/\/www.santamargherita.net\/wp-content\/uploads\/2018\/04\/logo-santa_margherita.png\",\"width\":250,\"height\":37,\"caption\":\"Santamargherita\"},\"image\":{\"@id\":\"https:\/\/www.santamargherita.net\/pl\/#\/schema\/logo\/image\/\"},\"sameAs\":[\"https:\/\/www.facebook.com\/santamargheritasurfaces\/\",\"https:\/\/www.instagram.com\/santamargherita_surfaces\/\",\"https:\/\/www.linkedin.com\/company\/santamargherita\/\",\"https:\/\/it.pinterest.com\/santamargheritasurfaces\/\",\"https:\/\/www.youtube.com\/channel\/UCBgSnQSPOcJGwgd03AqbNEg\"]}]}<\/script>\n<!-- \/ Yoast SEO plugin. -->","yoast_head_json":{"title":"SM Marble: powierzchnie marmurowe - Santamargherita","description":"Najcenniejszy marmurowy grys r\u00f3\u017cnych wymiar\u00f3w, o r\u00f3\u017cnej konsystencji i w r\u00f3\u017cnych kolorach po\u0142\u0105czony z najwy\u017cszej jako\u015bci \u017cywic\u0105 tworzy powierzchnie SM Marble.","robots":{"index":"index","follow":"follow","max-snippet":"max-snippet:-1","max-image-preview":"max-image-preview:large","max-video-preview":"max-video-preview:-1"},"canonical":"https:\/\/www.santamargherita.net\/pl\/sm-marble\/","og_locale":"pl_PL","og_type":"article","og_title":"SM Marble: powierzchnie marmurowe - Santamargherita","og_description":"Najcenniejszy marmurowy grys r\u00f3\u017cnych wymiar\u00f3w, o r\u00f3\u017cnej konsystencji i w r\u00f3\u017cnych kolorach po\u0142\u0105czony z najwy\u017cszej jako\u015bci \u017cywic\u0105 tworzy powierzchnie SM Marble.","og_url":"https:\/\/www.santamargherita.net\/pl\/sm-marble\/","og_site_name":"Santa Margherita","article_publisher":"https:\/\/www.facebook.com\/santamargheritasurfaces\/","article_modified_time":"2023-03-29T14:27:59+00:00","twitter_card":"summary_large_image","schema":{"@context":"https:\/\/schema.org","@graph":[{"@type":"WebPage","@id":"https:\/\/www.santamargherita.net\/pl\/sm-marble\/","url":"https:\/\/www.santamargherita.net\/pl\/sm-marble\/","name":"SM Marble: powierzchnie marmurowe - Santamargherita","isPartOf":{"@id":"https:\/\/www.santamargherita.net\/pl\/#website"},"datePublished":"2018-04-19T07:19:37+00:00","dateModified":"2023-03-29T14:27:59+00:00","description":"Najcenniejszy marmurowy grys r\u00f3\u017cnych wymiar\u00f3w, o r\u00f3\u017cnej konsystencji i w r\u00f3\u017cnych kolorach po\u0142\u0105czony z najwy\u017cszej jako\u015bci \u017cywic\u0105 tworzy powierzchnie SM Marble.","breadcrumb":{"@id":"https:\/\/www.santamargherita.net\/pl\/sm-marble\/#breadcrumb"},"inLanguage":"pl-PL","potentialAction":[{"@type":"ReadAction","target":["https:\/\/www.santamargherita.net\/pl\/sm-marble\/"]}]},{"@type":"BreadcrumbList","@id":"https:\/\/www.santamargherita.net\/pl\/sm-marble\/#breadcrumb","itemListElement":[{"@type":"ListItem","position":1,"name":"Home","item":"https:\/\/www.santamargherita.net\/pl\/"},{"@type":"ListItem","position":2,"name":"SM Marble"}]},{"@type":"WebSite","@id":"https:\/\/www.santamargherita.net\/pl\/#website","url":"https:\/\/www.santamargherita.net\/pl\/","name":"Santa Margherita","description":"The Original Italian Surface","publisher":{"@id":"https:\/\/www.santamargherita.net\/pl\/#organization"},"potentialAction":[{"@type":"SearchAction","target":{"@type":"EntryPoint","urlTemplate":"https:\/\/www.santamargherita.net\/pl\/?s={search_term_string}"},"query-input":{"@type":"PropertyValueSpecification","valueRequired":true,"valueName":"search_term_string"}}],"inLanguage":"pl-PL"},{"@type":"Organization","@id":"https:\/\/www.santamargherita.net\/pl\/#organization","name":"Santamargherita","url":"https:\/\/www.santamargherita.net\/pl\/","logo":{"@type":"ImageObject","inLanguage":"pl-PL","@id":"https:\/\/www.santamargherita.net\/pl\/#\/schema\/logo\/image\/","url":"https:\/\/www.santamargherita.net\/wp-content\/uploads\/2018\/04\/logo-santa_margherita.png","contentUrl":"https:\/\/www.santamargherita.net\/wp-content\/uploads\/2018\/04\/logo-santa_margherita.png","width":250,"height":37,"caption":"Santamargherita"},"image":{"@id":"https:\/\/www.santamargherita.net\/pl\/#\/schema\/logo\/image\/"},"sameAs":["https:\/\/www.facebook.com\/santamargheritasurfaces\/","https:\/\/www.instagram.com\/santamargherita_surfaces\/","https:\/\/www.linkedin.com\/company\/santamargherita\/","https:\/\/it.pinterest.com\/santamargheritasurfaces\/","https:\/\/www.youtube.com\/channel\/UCBgSnQSPOcJGwgd03AqbNEg"]}]}},"_links":{"self":[{"href":"https:\/\/www.santamargherita.net\/pl\/wp-json\/wp\/v2\/pages\/637","targetHints":{"allow":["GET"]}}],"collection":[{"href":"https:\/\/www.santamargherita.net\/pl\/wp-json\/wp\/v2\/pages"}],"about":[{"href":"https:\/\/www.santamargherita.net\/pl\/wp-json\/wp\/v2\/types\/page"}],"author":[{"embeddable":true,"href":"https:\/\/www.santamargherita.net\/pl\/wp-json\/wp\/v2\/users\/1"}],"replies":[{"embeddable":true,"href":"https:\/\/www.santamargherita.net\/pl\/wp-json\/wp\/v2\/comments?post=637"}],"version-history":[{"count":5,"href":"https:\/\/www.santamargherita.net\/pl\/wp-json\/wp\/v2\/pages\/637\/revisions"}],"predecessor-version":[{"id":25552,"href":"https:\/\/www.santamargherita.net\/pl\/wp-json\/wp\/v2\/pages\/637\/revisions\/25552"}],"wp:attachment":[{"href":"https:\/\/www.santamargherita.net\/pl\/wp-json\/wp\/v2\/media?parent=637"}],"curies":[{"name":"wp","href":"https:\/\/api.w.org\/{rel}","templated":true}]}}