{"id":747,"date":"2018-04-16T11:33:48","date_gmt":"2018-04-16T09:33:48","guid":{"rendered":"https:\/\/www2.santamargherita.net\/chi-siamo\/"},"modified":"2023-03-29T16:43:45","modified_gmt":"2023-03-29T14:43:45","slug":"firma","status":"publish","type":"page","link":"https:\/\/www.santamargherita.net\/pl\/firma\/","title":{"rendered":"Firma"},"content":{"rendered":"","protected":false},"excerpt":{"rendered":"","protected":false},"author":1,"featured_media":749,"parent":0,"menu_order":0,"comment_status":"closed","ping_status":"closed","template":"","meta":{"_acf_changed":false,"footnotes":""},"class_list":["post-747","page","type-page","status-publish","has-post-thumbnail","hentry"],"acf":[],"yoast_head":"<!-- This site is optimized with the Yoast SEO plugin v26.9 - https:\/\/yoast.com\/product\/yoast-seo-wordpress\/ -->\n<title>Historia firmy - Santamargherita<\/title>\n<meta name=\"description\" content=\"W Santamargherita kierujemy si\u0119 pasj\u0105 przekazywan\u0105 z pokolenia na pokolenie. Od ponad 50 lat niezmiennie z zami\u0142owaniem po\u015bwi\u0119camy si\u0119 naszej pracy.\" \/>\n<meta name=\"robots\" content=\"index, follow, max-snippet:-1, max-image-preview:large, max-video-preview:-1\" \/>\n<link rel=\"canonical\" href=\"https:\/\/www.santamargherita.net\/pl\/firma\/\" \/>\n<meta property=\"og:locale\" content=\"pl_PL\" \/>\n<meta property=\"og:type\" content=\"article\" \/>\n<meta property=\"og:title\" content=\"Historia firmy - Santamargherita\" \/>\n<meta property=\"og:description\" content=\"W Santamargherita kierujemy si\u0119 pasj\u0105 przekazywan\u0105 z pokolenia na pokolenie. Od ponad 50 lat niezmiennie z zami\u0142owaniem po\u015bwi\u0119camy si\u0119 naszej pracy.\" \/>\n<meta property=\"og:url\" content=\"https:\/\/www.santamargherita.net\/pl\/firma\/\" \/>\n<meta property=\"og:site_name\" content=\"Santa Margherita\" \/>\n<meta property=\"article:publisher\" content=\"https:\/\/www.facebook.com\/santamargheritasurfaces\/\" \/>\n<meta property=\"article:modified_time\" content=\"2023-03-29T14:43:45+00:00\" \/>\n<meta property=\"og:image\" content=\"https:\/\/www.santamargherita.net\/wp-content\/uploads\/2018\/04\/santamargherita-volargne-verona.jpg\" \/>\n\t<meta property=\"og:image:width\" content=\"1900\" \/>\n\t<meta property=\"og:image:height\" content=\"529\" \/>\n\t<meta property=\"og:image:type\" content=\"image\/jpeg\" \/>\n<meta name=\"twitter:card\" content=\"summary_large_image\" \/>\n<script type=\"application\/ld+json\" class=\"yoast-schema-graph\">{\"@context\":\"https:\/\/schema.org\",\"@graph\":[{\"@type\":\"WebPage\",\"@id\":\"https:\/\/www.santamargherita.net\/pl\/firma\/\",\"url\":\"https:\/\/www.santamargherita.net\/pl\/firma\/\",\"name\":\"Historia firmy - Santamargherita\",\"isPartOf\":{\"@id\":\"https:\/\/www.santamargherita.net\/pl\/#website\"},\"primaryImageOfPage\":{\"@id\":\"https:\/\/www.santamargherita.net\/pl\/firma\/#primaryimage\"},\"image\":{\"@id\":\"https:\/\/www.santamargherita.net\/pl\/firma\/#primaryimage\"},\"thumbnailUrl\":\"https:\/\/www.santamargherita.net\/wp-content\/uploads\/2018\/04\/santamargherita-volargne-verona.jpg\",\"datePublished\":\"2018-04-16T09:33:48+00:00\",\"dateModified\":\"2023-03-29T14:43:45+00:00\",\"description\":\"W Santamargherita kierujemy si\u0119 pasj\u0105 przekazywan\u0105 z pokolenia na pokolenie. Od ponad 50 lat niezmiennie z zami\u0142owaniem po\u015bwi\u0119camy si\u0119 naszej pracy.\",\"breadcrumb\":{\"@id\":\"https:\/\/www.santamargherita.net\/pl\/firma\/#breadcrumb\"},\"inLanguage\":\"pl-PL\",\"potentialAction\":[{\"@type\":\"ReadAction\",\"target\":[\"https:\/\/www.santamargherita.net\/pl\/firma\/\"]}]},{\"@type\":\"ImageObject\",\"inLanguage\":\"pl-PL\",\"@id\":\"https:\/\/www.santamargherita.net\/pl\/firma\/#primaryimage\",\"url\":\"https:\/\/www.santamargherita.net\/wp-content\/uploads\/2018\/04\/santamargherita-volargne-verona.jpg\",\"contentUrl\":\"https:\/\/www.santamargherita.net\/wp-content\/uploads\/2018\/04\/santamargherita-volargne-verona.jpg\",\"width\":1900,\"height\":529},{\"@type\":\"BreadcrumbList\",\"@id\":\"https:\/\/www.santamargherita.net\/pl\/firma\/#breadcrumb\",\"itemListElement\":[{\"@type\":\"ListItem\",\"position\":1,\"name\":\"Home\",\"item\":\"https:\/\/www.santamargherita.net\/pl\/\"},{\"@type\":\"ListItem\",\"position\":2,\"name\":\"Firma\"}]},{\"@type\":\"WebSite\",\"@id\":\"https:\/\/www.santamargherita.net\/pl\/#website\",\"url\":\"https:\/\/www.santamargherita.net\/pl\/\",\"name\":\"Santa Margherita\",\"description\":\"The Original Italian Surface\",\"publisher\":{\"@id\":\"https:\/\/www.santamargherita.net\/pl\/#organization\"},\"potentialAction\":[{\"@type\":\"SearchAction\",\"target\":{\"@type\":\"EntryPoint\",\"urlTemplate\":\"https:\/\/www.santamargherita.net\/pl\/?s={search_term_string}\"},\"query-input\":{\"@type\":\"PropertyValueSpecification\",\"valueRequired\":true,\"valueName\":\"search_term_string\"}}],\"inLanguage\":\"pl-PL\"},{\"@type\":\"Organization\",\"@id\":\"https:\/\/www.santamargherita.net\/pl\/#organization\",\"name\":\"Santamargherita\",\"url\":\"https:\/\/www.santamargherita.net\/pl\/\",\"logo\":{\"@type\":\"ImageObject\",\"inLanguage\":\"pl-PL\",\"@id\":\"https:\/\/www.santamargherita.net\/pl\/#\/schema\/logo\/image\/\",\"url\":\"https:\/\/www.santamargherita.net\/wp-content\/uploads\/2018\/04\/logo-santa_margherita.png\",\"contentUrl\":\"https:\/\/www.santamargherita.net\/wp-content\/uploads\/2018\/04\/logo-santa_margherita.png\",\"width\":250,\"height\":37,\"caption\":\"Santamargherita\"},\"image\":{\"@id\":\"https:\/\/www.santamargherita.net\/pl\/#\/schema\/logo\/image\/\"},\"sameAs\":[\"https:\/\/www.facebook.com\/santamargheritasurfaces\/\",\"https:\/\/www.instagram.com\/santamargherita_surfaces\/\",\"https:\/\/www.linkedin.com\/company\/santamargherita\/\",\"https:\/\/it.pinterest.com\/santamargheritasurfaces\/\",\"https:\/\/www.youtube.com\/channel\/UCBgSnQSPOcJGwgd03AqbNEg\"]}]}<\/script>\n<!-- \/ Yoast SEO plugin. -->","yoast_head_json":{"title":"Historia firmy - Santamargherita","description":"W Santamargherita kierujemy si\u0119 pasj\u0105 przekazywan\u0105 z pokolenia na pokolenie. Od ponad 50 lat niezmiennie z zami\u0142owaniem po\u015bwi\u0119camy si\u0119 naszej pracy.","robots":{"index":"index","follow":"follow","max-snippet":"max-snippet:-1","max-image-preview":"max-image-preview:large","max-video-preview":"max-video-preview:-1"},"canonical":"https:\/\/www.santamargherita.net\/pl\/firma\/","og_locale":"pl_PL","og_type":"article","og_title":"Historia firmy - Santamargherita","og_description":"W Santamargherita kierujemy si\u0119 pasj\u0105 przekazywan\u0105 z pokolenia na pokolenie. Od ponad 50 lat niezmiennie z zami\u0142owaniem po\u015bwi\u0119camy si\u0119 naszej pracy.","og_url":"https:\/\/www.santamargherita.net\/pl\/firma\/","og_site_name":"Santa Margherita","article_publisher":"https:\/\/www.facebook.com\/santamargheritasurfaces\/","article_modified_time":"2023-03-29T14:43:45+00:00","og_image":[{"width":1900,"height":529,"url":"https:\/\/www.santamargherita.net\/wp-content\/uploads\/2018\/04\/santamargherita-volargne-verona.jpg","type":"image\/jpeg"}],"twitter_card":"summary_large_image","schema":{"@context":"https:\/\/schema.org","@graph":[{"@type":"WebPage","@id":"https:\/\/www.santamargherita.net\/pl\/firma\/","url":"https:\/\/www.santamargherita.net\/pl\/firma\/","name":"Historia firmy - Santamargherita","isPartOf":{"@id":"https:\/\/www.santamargherita.net\/pl\/#website"},"primaryImageOfPage":{"@id":"https:\/\/www.santamargherita.net\/pl\/firma\/#primaryimage"},"image":{"@id":"https:\/\/www.santamargherita.net\/pl\/firma\/#primaryimage"},"thumbnailUrl":"https:\/\/www.santamargherita.net\/wp-content\/uploads\/2018\/04\/santamargherita-volargne-verona.jpg","datePublished":"2018-04-16T09:33:48+00:00","dateModified":"2023-03-29T14:43:45+00:00","description":"W Santamargherita kierujemy si\u0119 pasj\u0105 przekazywan\u0105 z pokolenia na pokolenie. Od ponad 50 lat niezmiennie z zami\u0142owaniem po\u015bwi\u0119camy si\u0119 naszej pracy.","breadcrumb":{"@id":"https:\/\/www.santamargherita.net\/pl\/firma\/#breadcrumb"},"inLanguage":"pl-PL","potentialAction":[{"@type":"ReadAction","target":["https:\/\/www.santamargherita.net\/pl\/firma\/"]}]},{"@type":"ImageObject","inLanguage":"pl-PL","@id":"https:\/\/www.santamargherita.net\/pl\/firma\/#primaryimage","url":"https:\/\/www.santamargherita.net\/wp-content\/uploads\/2018\/04\/santamargherita-volargne-verona.jpg","contentUrl":"https:\/\/www.santamargherita.net\/wp-content\/uploads\/2018\/04\/santamargherita-volargne-verona.jpg","width":1900,"height":529},{"@type":"BreadcrumbList","@id":"https:\/\/www.santamargherita.net\/pl\/firma\/#breadcrumb","itemListElement":[{"@type":"ListItem","position":1,"name":"Home","item":"https:\/\/www.santamargherita.net\/pl\/"},{"@type":"ListItem","position":2,"name":"Firma"}]},{"@type":"WebSite","@id":"https:\/\/www.santamargherita.net\/pl\/#website","url":"https:\/\/www.santamargherita.net\/pl\/","name":"Santa Margherita","description":"The Original Italian Surface","publisher":{"@id":"https:\/\/www.santamargherita.net\/pl\/#organization"},"potentialAction":[{"@type":"SearchAction","target":{"@type":"EntryPoint","urlTemplate":"https:\/\/www.santamargherita.net\/pl\/?s={search_term_string}"},"query-input":{"@type":"PropertyValueSpecification","valueRequired":true,"valueName":"search_term_string"}}],"inLanguage":"pl-PL"},{"@type":"Organization","@id":"https:\/\/www.santamargherita.net\/pl\/#organization","name":"Santamargherita","url":"https:\/\/www.santamargherita.net\/pl\/","logo":{"@type":"ImageObject","inLanguage":"pl-PL","@id":"https:\/\/www.santamargherita.net\/pl\/#\/schema\/logo\/image\/","url":"https:\/\/www.santamargherita.net\/wp-content\/uploads\/2018\/04\/logo-santa_margherita.png","contentUrl":"https:\/\/www.santamargherita.net\/wp-content\/uploads\/2018\/04\/logo-santa_margherita.png","width":250,"height":37,"caption":"Santamargherita"},"image":{"@id":"https:\/\/www.santamargherita.net\/pl\/#\/schema\/logo\/image\/"},"sameAs":["https:\/\/www.facebook.com\/santamargheritasurfaces\/","https:\/\/www.instagram.com\/santamargherita_surfaces\/","https:\/\/www.linkedin.com\/company\/santamargherita\/","https:\/\/it.pinterest.com\/santamargheritasurfaces\/","https:\/\/www.youtube.com\/channel\/UCBgSnQSPOcJGwgd03AqbNEg"]}]}},"_links":{"self":[{"href":"https:\/\/www.santamargherita.net\/pl\/wp-json\/wp\/v2\/pages\/747","targetHints":{"allow":["GET"]}}],"collection":[{"href":"https:\/\/www.santamargherita.net\/pl\/wp-json\/wp\/v2\/pages"}],"about":[{"href":"https:\/\/www.santamargherita.net\/pl\/wp-json\/wp\/v2\/types\/page"}],"author":[{"embeddable":true,"href":"https:\/\/www.santamargherita.net\/pl\/wp-json\/wp\/v2\/users\/1"}],"replies":[{"embeddable":true,"href":"https:\/\/www.santamargherita.net\/pl\/wp-json\/wp\/v2\/comments?post=747"}],"version-history":[{"count":3,"href":"https:\/\/www.santamargherita.net\/pl\/wp-json\/wp\/v2\/pages\/747\/revisions"}],"predecessor-version":[{"id":9989,"href":"https:\/\/www.santamargherita.net\/pl\/wp-json\/wp\/v2\/pages\/747\/revisions\/9989"}],"wp:featuredmedia":[{"embeddable":true,"href":"https:\/\/www.santamargherita.net\/pl\/wp-json\/wp\/v2\/media\/749"}],"wp:attachment":[{"href":"https:\/\/www.santamargherita.net\/pl\/wp-json\/wp\/v2\/media?parent=747"}],"curies":[{"name":"wp","href":"https:\/\/api.w.org\/{rel}","templated":true}]}}