{"id":868,"date":"2018-04-18T19:01:55","date_gmt":"2018-04-18T17:01:55","guid":{"rendered":"https:\/\/www2.santamargherita.net\/area-professionale\/"},"modified":"2023-03-29T16:47:57","modified_gmt":"2023-03-29T14:47:57","slug":"dla-profesionalow","status":"publish","type":"page","link":"https:\/\/www.santamargherita.net\/pl\/dla-profesionalow\/","title":{"rendered":"Dla profesional\u00f3w"},"content":{"rendered":"","protected":false},"excerpt":{"rendered":"","protected":false},"author":1,"featured_media":0,"parent":0,"menu_order":0,"comment_status":"closed","ping_status":"closed","template":"","meta":{"_acf_changed":false,"footnotes":""},"class_list":["post-868","page","type-page","status-publish","hentry"],"acf":[],"yoast_head":"<!-- This site is optimized with the Yoast SEO plugin v26.9 - https:\/\/yoast.com\/product\/yoast-seo-wordpress\/ -->\n<title>Dla profesjonalist\u00f3w - Santamargherita<\/title>\n<meta name=\"description\" content=\"Zesp\u00f3\u0142 specjalist\u00f3w Santamargherita b\u0119dzie wam towarzyszy\u0107 przez ca\u0142y proces tworzenia projektu, zapewniaj\u0105c profesjonaln\u0105 pomoc i konsultacje.\" \/>\n<meta name=\"robots\" content=\"index, follow, max-snippet:-1, max-image-preview:large, max-video-preview:-1\" \/>\n<link rel=\"canonical\" href=\"https:\/\/www.santamargherita.net\/pl\/dla-profesionalow\/\" \/>\n<meta property=\"og:locale\" content=\"pl_PL\" \/>\n<meta property=\"og:type\" content=\"article\" \/>\n<meta property=\"og:title\" content=\"Dla profesjonalist\u00f3w - Santamargherita\" \/>\n<meta property=\"og:description\" content=\"Zesp\u00f3\u0142 specjalist\u00f3w Santamargherita b\u0119dzie wam towarzyszy\u0107 przez ca\u0142y proces tworzenia projektu, zapewniaj\u0105c profesjonaln\u0105 pomoc i konsultacje.\" \/>\n<meta property=\"og:url\" content=\"https:\/\/www.santamargherita.net\/pl\/dla-profesionalow\/\" \/>\n<meta property=\"og:site_name\" content=\"Santa Margherita\" \/>\n<meta property=\"article:publisher\" content=\"https:\/\/www.facebook.com\/santamargheritasurfaces\/\" \/>\n<meta property=\"article:modified_time\" content=\"2023-03-29T14:47:57+00:00\" \/>\n<meta name=\"twitter:card\" content=\"summary_large_image\" \/>\n<script type=\"application\/ld+json\" class=\"yoast-schema-graph\">{\"@context\":\"https:\/\/schema.org\",\"@graph\":[{\"@type\":\"WebPage\",\"@id\":\"https:\/\/www.santamargherita.net\/pl\/dla-profesionalow\/\",\"url\":\"https:\/\/www.santamargherita.net\/pl\/dla-profesionalow\/\",\"name\":\"Dla profesjonalist\u00f3w - Santamargherita\",\"isPartOf\":{\"@id\":\"https:\/\/www.santamargherita.net\/pl\/#website\"},\"datePublished\":\"2018-04-18T17:01:55+00:00\",\"dateModified\":\"2023-03-29T14:47:57+00:00\",\"description\":\"Zesp\u00f3\u0142 specjalist\u00f3w Santamargherita b\u0119dzie wam towarzyszy\u0107 przez ca\u0142y proces tworzenia projektu, zapewniaj\u0105c profesjonaln\u0105 pomoc i konsultacje.\",\"breadcrumb\":{\"@id\":\"https:\/\/www.santamargherita.net\/pl\/dla-profesionalow\/#breadcrumb\"},\"inLanguage\":\"pl-PL\",\"potentialAction\":[{\"@type\":\"ReadAction\",\"target\":[\"https:\/\/www.santamargherita.net\/pl\/dla-profesionalow\/\"]}]},{\"@type\":\"BreadcrumbList\",\"@id\":\"https:\/\/www.santamargherita.net\/pl\/dla-profesionalow\/#breadcrumb\",\"itemListElement\":[{\"@type\":\"ListItem\",\"position\":1,\"name\":\"Home\",\"item\":\"https:\/\/www.santamargherita.net\/pl\/\"},{\"@type\":\"ListItem\",\"position\":2,\"name\":\"Dla profesional\u00f3w\"}]},{\"@type\":\"WebSite\",\"@id\":\"https:\/\/www.santamargherita.net\/pl\/#website\",\"url\":\"https:\/\/www.santamargherita.net\/pl\/\",\"name\":\"Santa Margherita\",\"description\":\"The Original Italian Surface\",\"publisher\":{\"@id\":\"https:\/\/www.santamargherita.net\/pl\/#organization\"},\"potentialAction\":[{\"@type\":\"SearchAction\",\"target\":{\"@type\":\"EntryPoint\",\"urlTemplate\":\"https:\/\/www.santamargherita.net\/pl\/?s={search_term_string}\"},\"query-input\":{\"@type\":\"PropertyValueSpecification\",\"valueRequired\":true,\"valueName\":\"search_term_string\"}}],\"inLanguage\":\"pl-PL\"},{\"@type\":\"Organization\",\"@id\":\"https:\/\/www.santamargherita.net\/pl\/#organization\",\"name\":\"Santamargherita\",\"url\":\"https:\/\/www.santamargherita.net\/pl\/\",\"logo\":{\"@type\":\"ImageObject\",\"inLanguage\":\"pl-PL\",\"@id\":\"https:\/\/www.santamargherita.net\/pl\/#\/schema\/logo\/image\/\",\"url\":\"https:\/\/www.santamargherita.net\/wp-content\/uploads\/2018\/04\/logo-santa_margherita.png\",\"contentUrl\":\"https:\/\/www.santamargherita.net\/wp-content\/uploads\/2018\/04\/logo-santa_margherita.png\",\"width\":250,\"height\":37,\"caption\":\"Santamargherita\"},\"image\":{\"@id\":\"https:\/\/www.santamargherita.net\/pl\/#\/schema\/logo\/image\/\"},\"sameAs\":[\"https:\/\/www.facebook.com\/santamargheritasurfaces\/\",\"https:\/\/www.instagram.com\/santamargherita_surfaces\/\",\"https:\/\/www.linkedin.com\/company\/santamargherita\/\",\"https:\/\/it.pinterest.com\/santamargheritasurfaces\/\",\"https:\/\/www.youtube.com\/channel\/UCBgSnQSPOcJGwgd03AqbNEg\"]}]}<\/script>\n<!-- \/ Yoast SEO plugin. -->","yoast_head_json":{"title":"Dla profesjonalist\u00f3w - Santamargherita","description":"Zesp\u00f3\u0142 specjalist\u00f3w Santamargherita b\u0119dzie wam towarzyszy\u0107 przez ca\u0142y proces tworzenia projektu, zapewniaj\u0105c profesjonaln\u0105 pomoc i konsultacje.","robots":{"index":"index","follow":"follow","max-snippet":"max-snippet:-1","max-image-preview":"max-image-preview:large","max-video-preview":"max-video-preview:-1"},"canonical":"https:\/\/www.santamargherita.net\/pl\/dla-profesionalow\/","og_locale":"pl_PL","og_type":"article","og_title":"Dla profesjonalist\u00f3w - Santamargherita","og_description":"Zesp\u00f3\u0142 specjalist\u00f3w Santamargherita b\u0119dzie wam towarzyszy\u0107 przez ca\u0142y proces tworzenia projektu, zapewniaj\u0105c profesjonaln\u0105 pomoc i konsultacje.","og_url":"https:\/\/www.santamargherita.net\/pl\/dla-profesionalow\/","og_site_name":"Santa Margherita","article_publisher":"https:\/\/www.facebook.com\/santamargheritasurfaces\/","article_modified_time":"2023-03-29T14:47:57+00:00","twitter_card":"summary_large_image","schema":{"@context":"https:\/\/schema.org","@graph":[{"@type":"WebPage","@id":"https:\/\/www.santamargherita.net\/pl\/dla-profesionalow\/","url":"https:\/\/www.santamargherita.net\/pl\/dla-profesionalow\/","name":"Dla profesjonalist\u00f3w - Santamargherita","isPartOf":{"@id":"https:\/\/www.santamargherita.net\/pl\/#website"},"datePublished":"2018-04-18T17:01:55+00:00","dateModified":"2023-03-29T14:47:57+00:00","description":"Zesp\u00f3\u0142 specjalist\u00f3w Santamargherita b\u0119dzie wam towarzyszy\u0107 przez ca\u0142y proces tworzenia projektu, zapewniaj\u0105c profesjonaln\u0105 pomoc i konsultacje.","breadcrumb":{"@id":"https:\/\/www.santamargherita.net\/pl\/dla-profesionalow\/#breadcrumb"},"inLanguage":"pl-PL","potentialAction":[{"@type":"ReadAction","target":["https:\/\/www.santamargherita.net\/pl\/dla-profesionalow\/"]}]},{"@type":"BreadcrumbList","@id":"https:\/\/www.santamargherita.net\/pl\/dla-profesionalow\/#breadcrumb","itemListElement":[{"@type":"ListItem","position":1,"name":"Home","item":"https:\/\/www.santamargherita.net\/pl\/"},{"@type":"ListItem","position":2,"name":"Dla profesional\u00f3w"}]},{"@type":"WebSite","@id":"https:\/\/www.santamargherita.net\/pl\/#website","url":"https:\/\/www.santamargherita.net\/pl\/","name":"Santa Margherita","description":"The Original Italian Surface","publisher":{"@id":"https:\/\/www.santamargherita.net\/pl\/#organization"},"potentialAction":[{"@type":"SearchAction","target":{"@type":"EntryPoint","urlTemplate":"https:\/\/www.santamargherita.net\/pl\/?s={search_term_string}"},"query-input":{"@type":"PropertyValueSpecification","valueRequired":true,"valueName":"search_term_string"}}],"inLanguage":"pl-PL"},{"@type":"Organization","@id":"https:\/\/www.santamargherita.net\/pl\/#organization","name":"Santamargherita","url":"https:\/\/www.santamargherita.net\/pl\/","logo":{"@type":"ImageObject","inLanguage":"pl-PL","@id":"https:\/\/www.santamargherita.net\/pl\/#\/schema\/logo\/image\/","url":"https:\/\/www.santamargherita.net\/wp-content\/uploads\/2018\/04\/logo-santa_margherita.png","contentUrl":"https:\/\/www.santamargherita.net\/wp-content\/uploads\/2018\/04\/logo-santa_margherita.png","width":250,"height":37,"caption":"Santamargherita"},"image":{"@id":"https:\/\/www.santamargherita.net\/pl\/#\/schema\/logo\/image\/"},"sameAs":["https:\/\/www.facebook.com\/santamargheritasurfaces\/","https:\/\/www.instagram.com\/santamargherita_surfaces\/","https:\/\/www.linkedin.com\/company\/santamargherita\/","https:\/\/it.pinterest.com\/santamargheritasurfaces\/","https:\/\/www.youtube.com\/channel\/UCBgSnQSPOcJGwgd03AqbNEg"]}]}},"_links":{"self":[{"href":"https:\/\/www.santamargherita.net\/pl\/wp-json\/wp\/v2\/pages\/868","targetHints":{"allow":["GET"]}}],"collection":[{"href":"https:\/\/www.santamargherita.net\/pl\/wp-json\/wp\/v2\/pages"}],"about":[{"href":"https:\/\/www.santamargherita.net\/pl\/wp-json\/wp\/v2\/types\/page"}],"author":[{"embeddable":true,"href":"https:\/\/www.santamargherita.net\/pl\/wp-json\/wp\/v2\/users\/1"}],"replies":[{"embeddable":true,"href":"https:\/\/www.santamargherita.net\/pl\/wp-json\/wp\/v2\/comments?post=868"}],"version-history":[{"count":9,"href":"https:\/\/www.santamargherita.net\/pl\/wp-json\/wp\/v2\/pages\/868\/revisions"}],"predecessor-version":[{"id":23180,"href":"https:\/\/www.santamargherita.net\/pl\/wp-json\/wp\/v2\/pages\/868\/revisions\/23180"}],"wp:attachment":[{"href":"https:\/\/www.santamargherita.net\/pl\/wp-json\/wp\/v2\/media?parent=868"}],"curies":[{"name":"wp","href":"https:\/\/api.w.org\/{rel}","templated":true}]}}